{"id":75,"date":"2020-09-14T00:05:01","date_gmt":"2020-09-14T00:05:01","guid":{"rendered":"https:\/\/lilianapedroza.com\/?page_id=75"},"modified":"2020-10-15T17:48:39","modified_gmt":"2020-10-15T17:48:39","slug":"biografia","status":"publish","type":"page","link":"https:\/\/lilianapedroza.com\/en\/biografia","title":{"rendered":"BIOGRAPHY"},"content":{"rendered":"<div data-elementor-type=\"wp-page\" data-elementor-id=\"75\" class=\"elementor elementor-75\" data-elementor-settings=\"[]\">\n\t\t\t\t\t\t<div class=\"elementor-inner\">\n\t\t\t\t\t\t\t<div class=\"elementor-section-wrap\">\n\t\t\t\t\t\t\t<section class=\"elementor-section elementor-top-section elementor-element elementor-element-cb42095 elementor-section-boxed elementor-section-height-default elementor-section-height-default\" data-id=\"cb42095\" data-element_type=\"section\">\n\t\t\t\t\t\t<div class=\"elementor-container elementor-column-gap-default\">\n\t\t\t\t\t\t\t<div class=\"elementor-row\">\n\t\t\t\t\t<div class=\"elementor-column elementor-col-100 elementor-top-column elementor-element elementor-element-a488bc6\" data-id=\"a488bc6\" data-element_type=\"column\">\n\t\t\t<div class=\"elementor-column-wrap elementor-element-populated\">\n\t\t\t\t\t\t\t<div class=\"elementor-widget-wrap\">\n\t\t\t\t\t\t<section class=\"elementor-section elementor-inner-section elementor-element elementor-element-37a06cb elementor-section-boxed elementor-section-height-default elementor-section-height-default\" data-id=\"37a06cb\" data-element_type=\"section\">\n\t\t\t\t\t\t<div class=\"elementor-container elementor-column-gap-default\">\n\t\t\t\t\t\t\t<div class=\"elementor-row\">\n\t\t\t\t\t<div class=\"elementor-column elementor-col-50 elementor-inner-column elementor-element elementor-element-7e8ca9d\" data-id=\"7e8ca9d\" data-element_type=\"column\">\n\t\t\t<div class=\"elementor-column-wrap elementor-element-populated\">\n\t\t\t\t\t\t\t<div class=\"elementor-widget-wrap\">\n\t\t\t\t\t\t<div class=\"elementor-element elementor-element-c2572a5 elementor-widget elementor-widget-spacer\" data-id=\"c2572a5\" data-element_type=\"widget\" data-widget_type=\"spacer.default\">\n\t\t\t\t<div class=\"elementor-widget-container\">\n\t\t\t\t\t<div class=\"elementor-spacer\">\n\t\t\t<div class=\"elementor-spacer-inner\"><\/div>\n\t\t<\/div>\n\t\t\t\t<\/div>\n\t\t\t\t<\/div>\n\t\t\t\t\t\t<\/div>\n\t\t\t\t\t<\/div>\n\t\t<\/div>\n\t\t\t\t<div class=\"elementor-column elementor-col-50 elementor-inner-column elementor-element elementor-element-03dcd29\" data-id=\"03dcd29\" data-element_type=\"column\">\n\t\t\t<div class=\"elementor-column-wrap elementor-element-populated\">\n\t\t\t\t\t\t\t<div class=\"elementor-widget-wrap\">\n\t\t\t\t\t\t<div class=\"elementor-element elementor-element-b17ceae elementor-widget elementor-widget-heading\" data-id=\"b17ceae\" data-element_type=\"widget\" data-widget_type=\"heading.default\">\n\t\t\t\t<div class=\"elementor-widget-container\">\n\t\t\t<h2 class=\"elementor-heading-title elementor-size-default\"><h2 style=\"margin: 0px 0px 15px; padding: 0px; border: 0px; border-collapse: separate; border-spacing: 0px; clear: both; line-height: 34px; color: rgb(103, 103, 103); font-family: Helvetica, Arial, sans-serif; white-space: normal;\">Liliana Pedroza <\/h2><\/h2>\t\t<\/div>\n\t\t\t\t<\/div>\n\t\t\t\t<div class=\"elementor-element elementor-element-e533b23 elementor-widget elementor-widget-text-editor\" data-id=\"e533b23\" data-element_type=\"widget\" data-widget_type=\"text-editor.default\">\n\t\t\t\t<div class=\"elementor-widget-container\">\n\t\t\t\t\t\t\t\t<div class=\"elementor-text-editor elementor-clearfix\">\n\t\t\t\t<p>\u00a0<\/p><p>(Chihuahua, M\u00e9xico, 1976) Licenciada en Letras Espa\u00f1olas por la Universidad Aut\u00f3noma de Chihuahua y Doctora en Filolog\u00eda Hisp\u00e1nica por la Universidad Complutense de Madrid, actualmente es miembro del <a href=\"https:\/\/www.senalc.com\/2017\/04\/27\/liliana-pedroza-2\/\">SENALC<\/a> she is the author of the book of essays Elena, we\u2019re fleeing (Andamos huyendo, Elena), and the short story collections Life elsewhere (Vida en otra parte) Short story  State of Chihuahua Literature Award 2008  and What we have left (Aquello que nos resta) Julio Torri National Young Short Story Award 2009.<\/p>\t\t\t\t\t<\/div>\n\t\t\t\t\t\t<\/div>\n\t\t\t\t<\/div>\n\t\t\t\t<div class=\"elementor-element elementor-element-b696875 elementor-widget elementor-widget-text-editor\" data-id=\"b696875\" data-element_type=\"widget\" data-widget_type=\"text-editor.default\">\n\t\t\t\t<div class=\"elementor-widget-container\">\n\t\t\t\t\t\t\t\t<div class=\"elementor-text-editor elementor-clearfix\">\n\t\t\t\t<p>She has been included in the anthologies Quicksilver seagulls (Gaviotas de azogue), The imprescindible conscience, essays on Carlos Monsivais  (La conciencia imprescindible, ensayos sobre Carlos Monsiv\u00e1is), Our apparent surrender (Nuestra Aparente Rendici\u00f3n and The colors of memory. Chihuahua: rivers of light and ink (Los colores del recuerdo. Chihuahua: r\u00edos de luz y tinta). She has collaborated in magazines in Spain, Mexico, New Zealand, United Kingdom, United States and Canada. Her work was translated into French and Greek.<\/p>\t\t\t\t\t<\/div>\n\t\t\t\t\t\t<\/div>\n\t\t\t\t<\/div>\n\t\t\t\t<div class=\"elementor-element elementor-element-f85dfc3 elementor-widget elementor-widget-text-editor\" data-id=\"f85dfc3\" data-element_type=\"widget\" data-widget_type=\"text-editor.default\">\n\t\t\t\t<div class=\"elementor-widget-container\">\n\t\t\t\t\t\t\t\t<div class=\"elementor-text-editor elementor-clearfix\">\n\t\t\t\t<p>She has been awarded with the Julio Torri National Young Short Story Award 2009, the State of Chihuahua Literature Award 2008 in short story and with the Honorific Mention in the Agust\u00edn Y\u00e1\u00f1ez National Short Story Competition 2007. She received a grant as a young creator from the National Culture and Arts Fund and the David Alfaro Siqueiros State Fund; she was a resident writer in Montr\u00e9al embraced by l\u2019Union des \u00c9crivaines et des \u00c9crivains Qu\u00e9b\u00e9cois through the FONCA in Mexico. In 2018 she was special guest at the Guadalajara International Book Fair with the program: \u00a1Al ruedo! Ocho talentos mexicanos. <a href=\"https:\/\/www.fil.com.mx\/ruedo\/ruedo_18.asp\">\u00a1Al ruedo! Ocho talentos mexicanos.<\/a><\/p>\t\t\t\t\t<\/div>\n\t\t\t\t\t\t<\/div>\n\t\t\t\t<\/div>\n\t\t\t\t<div class=\"elementor-element elementor-element-7b37c52 elementor-widget elementor-widget-text-editor\" data-id=\"7b37c52\" data-element_type=\"widget\" data-widget_type=\"text-editor.default\">\n\t\t\t\t<div class=\"elementor-widget-container\">\n\t\t\t\t\t\t\t\t<div class=\"elementor-text-editor elementor-clearfix\">\n\t\t\t\t<p><a href=\"https:\/\/literatura.inba.gob.mx\/chihuahua\/6002-pedroza,-liliana.html\">Cat\u00e1logo Biobibliogr\u00e1fico de la Literatura en M\u00e9xico<\/a><br \/><a href=\"http:\/\/www.elem.mx\/autor\/datos\/107161\">Enciclopedia de la literatura en M\u00e9xico<\/a><\/p>\t\t\t\t\t<\/div>\n\t\t\t\t\t\t<\/div>\n\t\t\t\t<\/div>\n\t\t\t\t\t\t<\/div>\n\t\t\t\t\t<\/div>\n\t\t<\/div>\n\t\t\t\t\t\t\t\t<\/div>\n\t\t\t\t\t<\/div>\n\t\t<\/section>\n\t\t\t\t\t\t<\/div>\n\t\t\t\t\t<\/div>\n\t\t<\/div>\n\t\t\t\t\t\t\t\t<\/div>\n\t\t\t\t\t<\/div>\n\t\t<\/section>\n\t\t\t\t\t\t<\/div>\n\t\t\t\t\t\t<\/div>\n\t\t\t\t\t<\/div>","protected":false},"excerpt":{"rendered":"<p>Liliana Pedroza \u00a0 (Chihuahua, M\u00e9xico, 1976) Licenciada en Letras Espa\u00f1olas por la Universidad Aut\u00f3noma de Chihuahua y Doctora en Filolog\u00eda Hisp\u00e1nica por la Universidad Complutense de Madrid, actualmente es miembro del SENALC (Seminario de Estudios de Narrativa Latinoamericana Contempor\u00e1nea) asociado &hellip; <a href=\"https:\/\/lilianapedroza.com\/en\/biografia\">Continued<\/a><\/p>","protected":false},"author":2,"featured_media":0,"parent":0,"menu_order":0,"comment_status":"closed","ping_status":"closed","template":"","meta":{"kt_blocks_editor_width":""},"_links":{"self":[{"href":"https:\/\/lilianapedroza.com\/en\/wp-json\/wp\/v2\/pages\/75"}],"collection":[{"href":"https:\/\/lilianapedroza.com\/en\/wp-json\/wp\/v2\/pages"}],"about":[{"href":"https:\/\/lilianapedroza.com\/en\/wp-json\/wp\/v2\/types\/page"}],"author":[{"embeddable":true,"href":"https:\/\/lilianapedroza.com\/en\/wp-json\/wp\/v2\/users\/2"}],"replies":[{"embeddable":true,"href":"https:\/\/lilianapedroza.com\/en\/wp-json\/wp\/v2\/comments?post=75"}],"version-history":[{"count":24,"href":"https:\/\/lilianapedroza.com\/en\/wp-json\/wp\/v2\/pages\/75\/revisions"}],"predecessor-version":[{"id":435,"href":"https:\/\/lilianapedroza.com\/en\/wp-json\/wp\/v2\/pages\/75\/revisions\/435"}],"wp:attachment":[{"href":"https:\/\/lilianapedroza.com\/en\/wp-json\/wp\/v2\/media?parent=75"}],"curies":[{"name":"wp","href":"https:\/\/api.w.org\/{rel}","templated":true}]}}