{"id":127,"date":"2020-09-14T02:53:58","date_gmt":"2020-09-14T02:53:58","guid":{"rendered":"https:\/\/lilianapedroza.com\/?page_id=127"},"modified":"2020-11-13T07:31:18","modified_gmt":"2020-11-13T07:31:18","slug":"inicio","status":"publish","type":"page","link":"https:\/\/lilianapedroza.com\/en\/","title":{"rendered":"HOME"},"content":{"rendered":"<div data-elementor-type=\"wp-page\" data-elementor-id=\"127\" class=\"elementor elementor-127\" data-elementor-settings=\"[]\">\n\t\t\t\t\t\t<div class=\"elementor-inner\">\n\t\t\t\t\t\t\t<div class=\"elementor-section-wrap\">\n\t\t\t\t\t\t\t<section class=\"elementor-section elementor-top-section elementor-element elementor-element-7530176 elementor-section-boxed elementor-section-height-default elementor-section-height-default\" data-id=\"7530176\" data-element_type=\"section\">\n\t\t\t\t\t\t<div class=\"elementor-container elementor-column-gap-narrow\">\n\t\t\t\t\t\t\t<div class=\"elementor-row\">\n\t\t\t\t\t<div class=\"elementor-column elementor-col-20 elementor-top-column elementor-element elementor-element-b8bb157\" data-id=\"b8bb157\" data-element_type=\"column\">\n\t\t\t<div class=\"elementor-column-wrap elementor-element-populated\">\n\t\t\t\t\t\t\t<div class=\"elementor-widget-wrap\">\n\t\t\t\t\t\t<div class=\"elementor-element elementor-element-6518aeb elementor-widget elementor-widget-image\" data-id=\"6518aeb\" data-element_type=\"widget\" data-widget_type=\"image.default\">\n\t\t\t\t<div class=\"elementor-widget-container\">\n\t\t\t\t\t\t\t\t<div class=\"elementor-image\">\n\t\t\t\t\t\t\t\t\t\t\t\t\t<a href=\"https:\/\/lilianapedroza.com\/en\/libros\/andamos-huyendo-elena\/\">\n\t\t\t\t\t\t\t<img width=\"336\" height=\"549\" src=\"data:image\/gif;base64,R0lGODlhAQABAIAAAAAAAP\/\/\/yH5BAEAAAAALAAAAAABAAEAAAIBRAA7\" data-src=\"https:\/\/lilianapedroza.com\/wp-content\/uploads\/2020\/09\/Libro1.jpg\" class=\"attachment-full size-full lazyload\" alt=\"\" data-srcset=\"https:\/\/lilianapedroza.com\/wp-content\/uploads\/2020\/09\/Libro1.jpg 336w, https:\/\/lilianapedroza.com\/wp-content\/uploads\/2020\/09\/Libro1-184x300.jpg 184w\" sizes=\"(max-width: 336px) 100vw, 336px\" \/><noscript><img width=\"336\" height=\"549\" src=\"https:\/\/lilianapedroza.com\/wp-content\/uploads\/2020\/09\/Libro1.jpg\" class=\"attachment-full size-full lazyload\" alt=\"\" srcset=\"https:\/\/lilianapedroza.com\/wp-content\/uploads\/2020\/09\/Libro1.jpg 336w, https:\/\/lilianapedroza.com\/wp-content\/uploads\/2020\/09\/Libro1-184x300.jpg 184w\" sizes=\"(max-width: 336px) 100vw, 336px\" \/><\/noscript>\t\t\t\t\t\t\t\t<\/a>\n\t\t\t\t\t\t\t\t\t\t\t\t\t\t<\/div>\n\t\t\t\t\t\t<\/div>\n\t\t\t\t<\/div>\n\t\t\t\t\t\t<\/div>\n\t\t\t\t\t<\/div>\n\t\t<\/div>\n\t\t\t\t<div class=\"elementor-column elementor-col-20 elementor-top-column elementor-element elementor-element-c1be391\" data-id=\"c1be391\" data-element_type=\"column\">\n\t\t\t<div class=\"elementor-column-wrap elementor-element-populated\">\n\t\t\t\t\t\t\t<div class=\"elementor-widget-wrap\">\n\t\t\t\t\t\t<div class=\"elementor-element elementor-element-035d71c elementor-widget elementor-widget-image\" data-id=\"035d71c\" data-element_type=\"widget\" data-widget_type=\"image.default\">\n\t\t\t\t<div class=\"elementor-widget-container\">\n\t\t\t\t\t\t\t\t<div class=\"elementor-image\">\n\t\t\t\t\t\t\t\t\t\t\t\t\t<a href=\"https:\/\/lilianapedroza.com\/en\/libros\/vida-en-otra-parte\/\">\n\t\t\t\t\t\t\t<img width=\"247\" height=\"384\" src=\"data:image\/gif;base64,R0lGODlhAQABAIAAAAAAAP\/\/\/yH5BAEAAAAALAAAAAABAAEAAAIBRAA7\" data-src=\"https:\/\/lilianapedroza.com\/wp-content\/uploads\/2020\/09\/Libro2.jpg\" class=\"attachment-medium_large size-medium_large lazyload\" alt=\"\" data-srcset=\"https:\/\/lilianapedroza.com\/wp-content\/uploads\/2020\/09\/Libro2.jpg 247w, https:\/\/lilianapedroza.com\/wp-content\/uploads\/2020\/09\/Libro2-193x300.jpg 193w\" sizes=\"(max-width: 247px) 100vw, 247px\" \/><noscript><img width=\"247\" height=\"384\" src=\"https:\/\/lilianapedroza.com\/wp-content\/uploads\/2020\/09\/Libro2.jpg\" class=\"attachment-medium_large size-medium_large lazyload\" alt=\"\" srcset=\"https:\/\/lilianapedroza.com\/wp-content\/uploads\/2020\/09\/Libro2.jpg 247w, https:\/\/lilianapedroza.com\/wp-content\/uploads\/2020\/09\/Libro2-193x300.jpg 193w\" sizes=\"(max-width: 247px) 100vw, 247px\" \/><\/noscript>\t\t\t\t\t\t\t\t<\/a>\n\t\t\t\t\t\t\t\t\t\t\t\t\t\t<\/div>\n\t\t\t\t\t\t<\/div>\n\t\t\t\t<\/div>\n\t\t\t\t\t\t<\/div>\n\t\t\t\t\t<\/div>\n\t\t<\/div>\n\t\t\t\t<div class=\"elementor-column elementor-col-20 elementor-top-column elementor-element elementor-element-ab70459\" data-id=\"ab70459\" data-element_type=\"column\">\n\t\t\t<div class=\"elementor-column-wrap elementor-element-populated\">\n\t\t\t\t\t\t\t<div class=\"elementor-widget-wrap\">\n\t\t\t\t\t\t<div class=\"elementor-element elementor-element-413bef2 elementor-widget elementor-widget-image\" data-id=\"413bef2\" data-element_type=\"widget\" data-widget_type=\"image.default\">\n\t\t\t\t<div class=\"elementor-widget-container\">\n\t\t\t\t\t\t\t\t<div class=\"elementor-image\">\n\t\t\t\t\t\t\t\t\t\t\t\t\t<a href=\"https:\/\/lilianapedroza.com\/en\/libros\/aquello-que-nos-resta\/\">\n\t\t\t\t\t\t\t<img width=\"336\" height=\"549\" src=\"data:image\/gif;base64,R0lGODlhAQABAIAAAAAAAP\/\/\/yH5BAEAAAAALAAAAAABAAEAAAIBRAA7\" data-src=\"https:\/\/lilianapedroza.com\/wp-content\/uploads\/2020\/09\/Libro3.jpg\" class=\"attachment-large size-large lazyload\" alt=\"\" data-srcset=\"https:\/\/lilianapedroza.com\/wp-content\/uploads\/2020\/09\/Libro3.jpg 336w, https:\/\/lilianapedroza.com\/wp-content\/uploads\/2020\/09\/Libro3-184x300.jpg 184w\" sizes=\"(max-width: 336px) 100vw, 336px\" \/><noscript><img width=\"336\" height=\"549\" src=\"https:\/\/lilianapedroza.com\/wp-content\/uploads\/2020\/09\/Libro3.jpg\" class=\"attachment-large size-large lazyload\" alt=\"\" srcset=\"https:\/\/lilianapedroza.com\/wp-content\/uploads\/2020\/09\/Libro3.jpg 336w, https:\/\/lilianapedroza.com\/wp-content\/uploads\/2020\/09\/Libro3-184x300.jpg 184w\" sizes=\"(max-width: 336px) 100vw, 336px\" \/><\/noscript>\t\t\t\t\t\t\t\t<\/a>\n\t\t\t\t\t\t\t\t\t\t\t\t\t\t<\/div>\n\t\t\t\t\t\t<\/div>\n\t\t\t\t<\/div>\n\t\t\t\t\t\t<\/div>\n\t\t\t\t\t<\/div>\n\t\t<\/div>\n\t\t\t\t<div class=\"elementor-column elementor-col-20 elementor-top-column elementor-element elementor-element-3df5fd3\" data-id=\"3df5fd3\" data-element_type=\"column\">\n\t\t\t<div class=\"elementor-column-wrap\">\n\t\t\t\t\t\t\t<div class=\"elementor-widget-wrap\">\n\t\t\t\t\t\t\t\t<\/div>\n\t\t\t\t\t<\/div>\n\t\t<\/div>\n\t\t\t\t<div class=\"elementor-column elementor-col-20 elementor-top-column elementor-element elementor-element-82fb22f\" data-id=\"82fb22f\" data-element_type=\"column\">\n\t\t\t<div class=\"elementor-column-wrap elementor-element-populated\">\n\t\t\t\t\t\t\t<div class=\"elementor-widget-wrap\">\n\t\t\t\t\t\t<div class=\"elementor-element elementor-element-4d7da22 elementor-widget elementor-widget-heading\" data-id=\"4d7da22\" data-element_type=\"widget\" data-widget_type=\"heading.default\">\n\t\t\t\t<div class=\"elementor-widget-container\">\n\t\t\t<h2 class=\"elementor-heading-title elementor-size-default\">News<\/h2>\t\t<\/div>\n\t\t\t\t<\/div>\n\t\t\t\t<div class=\"elementor-element elementor-element-62c0300 elementor-widget elementor-widget-text-editor\" data-id=\"62c0300\" data-element_type=\"widget\" data-widget_type=\"text-editor.default\">\n\t\t\t\t<div class=\"elementor-widget-container\">\n\t\t\t\t\t\t\t\t<div class=\"elementor-text-editor elementor-clearfix\">\n\t\t\t\t<p><a href=\"https:\/\/lilianapedroza.com\/en\/noticias\/\">Presentaci\u00f3n <em>A golpe de linterna. M\u00e1s de 100 a\u00f1os de cuento mexicano<\/em><\/a><br \/>1 de diciembre, 16 hrs.<br \/>Feria Internacional del Libro Guadalajara 2020<\/p><p><a href=\"https:\/\/edicionesatrasalante.mx\/a-golpe-de-linterna\/\" target=\"_blank\" rel=\"noopener\">C\u00f3mpralo aqu\u00ed<\/a><\/p>\t\t\t\t\t<\/div>\n\t\t\t\t\t\t<\/div>\n\t\t\t\t<\/div>\n\t\t\t\t<div class=\"elementor-element elementor-element-5c43457 elementor-widget-divider--view-line elementor-widget elementor-widget-divider\" data-id=\"5c43457\" data-element_type=\"widget\" data-widget_type=\"divider.default\">\n\t\t\t\t<div class=\"elementor-widget-container\">\n\t\t\t\t\t<div class=\"elementor-divider\">\n\t\t\t<span class=\"elementor-divider-separator\">\n\t\t\t\t\t\t<\/span>\n\t\t<\/div>\n\t\t\t\t<\/div>\n\t\t\t\t<\/div>\n\t\t\t\t<div class=\"elementor-element elementor-element-1f91ccb elementor-widget elementor-widget-text-editor\" data-id=\"1f91ccb\" data-element_type=\"widget\" data-widget_type=\"text-editor.default\">\n\t\t\t\t<div class=\"elementor-widget-container\">\n\t\t\t\t\t\t\t\t<div class=\"elementor-text-editor elementor-clearfix\">\n\t\t\t\t<p><a href=\"https:\/\/exposiciones.iib.unam.mx\/expos\/19_05bibliomex\/index.html?fbclid=IwAR2p8OjgAkXmbp80ClU61fBeLfYj8obHRE4s4kTnT8RRYckR6xGWMOSy6oY#\" target=\"_blank\" rel=\"noopener\">Exposici\u00f3n virtual: Historia y destino de la bibliograf\u00eda mexicana. Libros sobre cultura escrita e identidad nacional<\/a><br \/>Biblioteca Nacional de M\u00e9xico<\/p>\t\t\t\t\t<\/div>\n\t\t\t\t\t\t<\/div>\n\t\t\t\t<\/div>\n\t\t\t\t<div class=\"elementor-element elementor-element-02ddcad elementor-widget-divider--view-line elementor-widget elementor-widget-divider\" data-id=\"02ddcad\" data-element_type=\"widget\" data-widget_type=\"divider.default\">\n\t\t\t\t<div class=\"elementor-widget-container\">\n\t\t\t\t\t<div class=\"elementor-divider\">\n\t\t\t<span class=\"elementor-divider-separator\">\n\t\t\t\t\t\t<\/span>\n\t\t<\/div>\n\t\t\t\t<\/div>\n\t\t\t\t<\/div>\n\t\t\t\t<div class=\"elementor-element elementor-element-870b1e2 elementor-widget elementor-widget-text-editor\" data-id=\"870b1e2\" data-element_type=\"widget\" data-widget_type=\"text-editor.default\">\n\t\t\t\t<div class=\"elementor-widget-container\">\n\t\t\t\t\t\t\t\t<div class=\"elementor-text-editor elementor-clearfix\">\n\t\t\t\t<p><a href=\"https:\/\/lilianapedroza.com\/en\/noticias\/\">Coloquio Nacional Efra\u00edn Huerta<\/a><br \/>20 de noviembre\u00a0<br \/>Universidad Aut\u00f3noma de Guanajuato<\/p>\t\t\t\t\t<\/div>\n\t\t\t\t\t\t<\/div>\n\t\t\t\t<\/div>\n\t\t\t\t<div class=\"elementor-element elementor-element-229f83b elementor-widget-divider--view-line elementor-widget elementor-widget-divider\" data-id=\"229f83b\" data-element_type=\"widget\" data-widget_type=\"divider.default\">\n\t\t\t\t<div class=\"elementor-widget-container\">\n\t\t\t\t\t<div class=\"elementor-divider\">\n\t\t\t<span class=\"elementor-divider-separator\">\n\t\t\t\t\t\t<\/span>\n\t\t<\/div>\n\t\t\t\t<\/div>\n\t\t\t\t<\/div>\n\t\t\t\t<div class=\"elementor-element elementor-element-cf7bc56 elementor-widget elementor-widget-text-editor\" data-id=\"cf7bc56\" data-element_type=\"widget\" data-widget_type=\"text-editor.default\">\n\t\t\t\t<div class=\"elementor-widget-container\">\n\t\t\t\t\t\t\t\t<div class=\"elementor-text-editor elementor-clearfix\">\n\t\t\t\t\t\t\t\t\t<\/div>\n\t\t\t\t\t\t<\/div>\n\t\t\t\t<\/div>\n\t\t\t\t\t\t<\/div>\n\t\t\t\t\t<\/div>\n\t\t<\/div>\n\t\t\t\t\t\t\t\t<\/div>\n\t\t\t\t\t<\/div>\n\t\t<\/section>\n\t\t\t\t\t\t<\/div>\n\t\t\t\t\t\t<\/div>\n\t\t\t\t\t<\/div>","protected":false},"excerpt":{"rendered":"<p>Noticias Presentaci\u00f3n A golpe de linterna. M\u00e1s de 100 a\u00f1os de cuento mexicano1 de diciembre, 16 hrs.Feria Internacional del Libro Guadalajara 2020 C\u00f3mpralo aqu\u00ed Exposici\u00f3n virtual: Historia y destino de la bibliograf\u00eda mexicana. Libros sobre cultura escrita e identidad nacionalBiblioteca &hellip; <a href=\"https:\/\/lilianapedroza.com\/en\/\">Continued<\/a><\/p>","protected":false},"author":2,"featured_media":0,"parent":0,"menu_order":0,"comment_status":"closed","ping_status":"closed","template":"","meta":{"kt_blocks_editor_width":""},"_links":{"self":[{"href":"https:\/\/lilianapedroza.com\/en\/wp-json\/wp\/v2\/pages\/127"}],"collection":[{"href":"https:\/\/lilianapedroza.com\/en\/wp-json\/wp\/v2\/pages"}],"about":[{"href":"https:\/\/lilianapedroza.com\/en\/wp-json\/wp\/v2\/types\/page"}],"author":[{"embeddable":true,"href":"https:\/\/lilianapedroza.com\/en\/wp-json\/wp\/v2\/users\/2"}],"replies":[{"embeddable":true,"href":"https:\/\/lilianapedroza.com\/en\/wp-json\/wp\/v2\/comments?post=127"}],"version-history":[{"count":27,"href":"https:\/\/lilianapedroza.com\/en\/wp-json\/wp\/v2\/pages\/127\/revisions"}],"predecessor-version":[{"id":443,"href":"https:\/\/lilianapedroza.com\/en\/wp-json\/wp\/v2\/pages\/127\/revisions\/443"}],"wp:attachment":[{"href":"https:\/\/lilianapedroza.com\/en\/wp-json\/wp\/v2\/media?parent=127"}],"curies":[{"name":"wp","href":"https:\/\/api.w.org\/{rel}","templated":true}]}}